{"id":6,"date":"2022-02-22T17:41:00","date_gmt":"2022-02-22T16:41:00","guid":{"rendered":"https:\/\/blocsdecompetences.org\/blog\/?page_id=6"},"modified":"2022-02-22T17:41:00","modified_gmt":"2022-02-22T16:41:00","slug":"mentions-legales","status":"publish","type":"page","link":"https:\/\/blocsdecompetences.org\/blog\/mentions-legales\/","title":{"rendered":"mentions l\u00e9gales"},"content":{"rendered":"<p>La Soci\u00e9t\u00e9 DAHU FR (ci-apr\u00e8s la \u00a0\u00bb Soci\u00e9t\u00e9 \u201d) est une SARL au capital social de 7622,45\u20ac, dont le si\u00e8ge social est au 335 rue Charles Cabaud- 73290 MOTTE SERVOLEX et immatricul\u00e9e au Registre du commerce et des soci\u00e9t\u00e9s de chamb\u00e9ry sous le num\u00e9ro B 420369084 . La Soci\u00e9t\u00e9 propose le services suivant : blocsdecompetences.org<\/p>\n<ul>\n<li><strong>H\u00e9bergeur<\/strong> : OVH \u2013 2 rue Kellermann \u2013 59100 Roubaix \u2013 France<\/li>\n<li><strong>Contact\u00a0<\/strong>:\u00a0 Courriel : dahu[arobase]dahu[point]fr<\/li>\n<\/ul>\n<p>Le site blocsdecompetences.org ne collecte pas de donn\u00e9e personnelle et n&rsquo;utilise pas de cookie<\/p>\n<p>&nbsp;<\/p>\n<p>&nbsp;<\/p>\n","protected":false},"excerpt":{"rendered":"<p>La Soci\u00e9t\u00e9 DAHU FR (ci-apr\u00e8s la \u00a0\u00bb Soci\u00e9t\u00e9 \u201d) est une SARL au capital social de 7622,45\u20ac, dont le si\u00e8ge social est au 335 rue Charles Cabaud- 73290 MOTTE SERVOLEX et immatricul\u00e9e au Registre du commerce et des soci\u00e9t\u00e9s de chamb\u00e9ry sous le num\u00e9ro B 420369084 . La Soci\u00e9t\u00e9 propose le services suivant : blocsdecompetences.org [&hellip;]<\/p>\n","protected":false},"author":1,"featured_media":0,"parent":0,"menu_order":0,"comment_status":"closed","ping_status":"closed","template":"","meta":{"footnotes":""},"_links":{"self":[{"href":"https:\/\/blocsdecompetences.org\/blog\/wp-json\/wp\/v2\/pages\/6"}],"collection":[{"href":"https:\/\/blocsdecompetences.org\/blog\/wp-json\/wp\/v2\/pages"}],"about":[{"href":"https:\/\/blocsdecompetences.org\/blog\/wp-json\/wp\/v2\/types\/page"}],"author":[{"embeddable":true,"href":"https:\/\/blocsdecompetences.org\/blog\/wp-json\/wp\/v2\/users\/1"}],"replies":[{"embeddable":true,"href":"https:\/\/blocsdecompetences.org\/blog\/wp-json\/wp\/v2\/comments?post=6"}],"version-history":[{"count":1,"href":"https:\/\/blocsdecompetences.org\/blog\/wp-json\/wp\/v2\/pages\/6\/revisions"}],"predecessor-version":[{"id":7,"href":"https:\/\/blocsdecompetences.org\/blog\/wp-json\/wp\/v2\/pages\/6\/revisions\/7"}],"wp:attachment":[{"href":"https:\/\/blocsdecompetences.org\/blog\/wp-json\/wp\/v2\/media?parent=6"}],"curies":[{"name":"wp","href":"https:\/\/api.w.org\/{rel}","templated":true}]}}